{"id":20140,"date":"2025-01-30T10:12:56","date_gmt":"2025-01-30T09:12:56","guid":{"rendered":"https:\/\/saboralavista.com\/?page_id=20140"},"modified":"2026-01-28T13:45:54","modified_gmt":"2026-01-28T12:45:54","slug":"plan-degustacion","status":"publish","type":"page","link":"https:\/\/saboralavista.com\/en\/plan-degustacion\/","title":{"rendered":"Plan Degustaci\u00f3n"},"content":{"rendered":"<div data-elementor-type=\"wp-page\" data-elementor-id=\"20140\" class=\"elementor elementor-20140\">\n\t\t\t\t\t\t<section class=\"elementor-section elementor-inner-section elementor-element elementor-element-8c3a058 elementor-section-boxed elementor-section-height-default elementor-section-height-default\" data-id=\"8c3a058\" data-element_type=\"section\" data-e-type=\"section\">\n\t\t\t\t\t\t<div class=\"elementor-container elementor-column-gap-default\">\n\t\t\t\t\t<div class=\"elementor-column elementor-col-50 elementor-inner-column elementor-element elementor-element-7a24848\" data-id=\"7a24848\" data-element_type=\"column\" data-e-type=\"column\">\n\t\t\t<div class=\"elementor-widget-wrap elementor-element-populated\">\n\t\t\t\t\t\t<div class=\"elementor-element elementor-element-9dda352 elementor-widget elementor-widget-spacer\" data-id=\"9dda352\" data-element_type=\"widget\" data-e-type=\"widget\" data-widget_type=\"spacer.default\">\n\t\t\t\t<div class=\"elementor-widget-container\">\n\t\t\t\t\t\t\t<div class=\"elementor-spacer\">\n\t\t\t<div class=\"elementor-spacer-inner\"><\/div>\n\t\t<\/div>\n\t\t\t\t\t\t<\/div>\n\t\t\t\t<\/div>\n\t\t\t\t<div class=\"elementor-element elementor-element-26bbc19 elementor-widget elementor-widget-spacer\" data-id=\"26bbc19\" data-element_type=\"widget\" data-e-type=\"widget\" data-widget_type=\"spacer.default\">\n\t\t\t\t<div class=\"elementor-widget-container\">\n\t\t\t\t\t\t\t<div class=\"elementor-spacer\">\n\t\t\t<div class=\"elementor-spacer-inner\"><\/div>\n\t\t<\/div>\n\t\t\t\t\t\t<\/div>\n\t\t\t\t<\/div>\n\t\t\t\t<div class=\"elementor-element elementor-element-a13e64c elementor-widget elementor-widget-heading\" data-id=\"a13e64c\" data-element_type=\"widget\" data-e-type=\"widget\" data-widget_type=\"heading.default\">\n\t\t\t\t<div class=\"elementor-widget-container\">\n\t\t\t\t\t<h1 class=\"elementor-heading-title elementor-size-default\">Plan Degustaci\u00f3n<\/h1>\t\t\t\t<\/div>\n\t\t\t\t<\/div>\n\t\t\n\t\t<div class=\"elementor-element elementor-element-0184d56 animated-fast elementor-widget__width-inherit align-left elementor-widget elementor-widget-mae-headings\" data-id=\"0184d56\" data-element_type=\"widget\" data-e-type=\"widget\" data-settings=\"{&quot;_animation&quot;:&quot;none&quot;}\" data-widget_type=\"mae-headings.default\">\n\t\t\t\t<div class=\"elementor-widget-container\">\n\t\t\t\t\t\n\t\t<div class=\"master-heading\">\n\t        \n\t        \t        <h2 class=\"main-heading\" data-splitting>\ud83d\udcb0 300\u20ac + IVA\n<br> \u23f3 2 horas de sesi\u00f3n<\/h2>\n\t        \n\t        \t        <div class=\"divider\"><span><\/span><\/div>\n\t        \n\t        \t            <div class=\"sub-heading\">\u2705 Entregamos:\n<br>\n<br>\ud83d\udcf8 45 fotos editadas (hasta 8 platos)\n<br>\ud83c\udfe0 5 fotos editadas de interiorismo \n<br>\ud83c\udfac 2 reels din\u00e1micos (ej. lifestyle, emplatado)\n<br>\u2728 2 GIFs animados (momentos clave en cocina o servicio)\n<br>\ud83d\uddbc\ufe0f 1 imagen con branding (horarios o promociones)\n\n<br>\n<br>\ud83d\udccd Ideal para probar nuestros servicios o actualizar contenido puntual.<\/div>\n\t        \t    <\/div>\n\t    \t\t\t\t<\/div>\n\t\t\t\t<\/div>\n\t\t\t\t<div class=\"elementor-element elementor-element-4ff8d43 elementor-widget elementor-widget-spacer\" data-id=\"4ff8d43\" data-element_type=\"widget\" data-e-type=\"widget\" data-widget_type=\"spacer.default\">\n\t\t\t\t<div class=\"elementor-widget-container\">\n\t\t\t\t\t\t\t<div class=\"elementor-spacer\">\n\t\t\t<div class=\"elementor-spacer-inner\"><\/div>\n\t\t<\/div>\n\t\t\t\t\t\t<\/div>\n\t\t\t\t<\/div>\n\t\t\t\t\t<\/div>\n\t\t<\/div>\n\t\t\t\t<div class=\"elementor-column elementor-col-50 elementor-inner-column elementor-element elementor-element-1653b06\" data-id=\"1653b06\" data-element_type=\"column\" data-e-type=\"column\">\n\t\t\t<div class=\"elementor-widget-wrap elementor-element-populated\">\n\t\t\t\t\t\t<div class=\"elementor-element elementor-element-4448e5a elementor-widget elementor-widget-spacer\" data-id=\"4448e5a\" data-element_type=\"widget\" data-e-type=\"widget\" data-widget_type=\"spacer.default\">\n\t\t\t\t<div class=\"elementor-widget-container\">\n\t\t\t\t\t\t\t<div class=\"elementor-spacer\">\n\t\t\t<div class=\"elementor-spacer-inner\"><\/div>\n\t\t<\/div>\n\t\t\t\t\t\t<\/div>\n\t\t\t\t<\/div>\n\t\t\t\t<div class=\"elementor-element elementor-element-c8309f4 align-center elementor-widget elementor-widget-mae-fancy-image\" data-id=\"c8309f4\" data-element_type=\"widget\" data-e-type=\"widget\" data-widget_type=\"mae-fancy-image.default\">\n\t\t\t\t<div class=\"elementor-widget-container\">\n\t\t\t\t\t\n\t\t\t<div class=\"master-fancy-image reveal lr stretch-none\" data-in-viewport=\"true\">\n\t\t\t\t<figure>\n\t\t\t\t\t<img decoding=\"async\" src=\"https:\/\/saboralavista.com\/wp-content\/uploads\/2025\/01\/Pho_Ever_Krakow-2.jpg\" title=\"Pho_Ever_Krakow-2\" alt=\"Pho_Ever_Krakow-2\" loading=\"lazy\" \/>\t\t\t\t<\/figure>\n\n\t\t        \t\t\t<\/div>\n\n\t\t\t\t\t\t<\/div>\n\t\t\t\t<\/div>\n\t\t\t\t\t<\/div>\n\t\t<\/div>\n\t\t\t\t\t<\/div>\n\t\t<\/section>\n\t\t<div class=\"elementor-element elementor-element-d20fd31 e-flex e-con-boxed e-con e-parent\" data-id=\"d20fd31\" data-element_type=\"container\" data-e-type=\"container\">\n\t\t\t\t\t<div class=\"e-con-inner\">\n\t\t\t\t<div class=\"elementor-element elementor-element-cc8076a elementor-skin-carousel elementor-pagination-type-bullets elementor-pagination-position-outside elementor-widget elementor-widget-media-carousel\" data-id=\"cc8076a\" data-element_type=\"widget\" data-e-type=\"widget\" data-settings=\"{&quot;skin&quot;:&quot;carousel&quot;,&quot;effect&quot;:&quot;slide&quot;,&quot;pagination&quot;:&quot;bullets&quot;,&quot;speed&quot;:500,&quot;autoplay&quot;:&quot;yes&quot;,&quot;autoplay_speed&quot;:5000,&quot;loop&quot;:&quot;yes&quot;,&quot;pause_on_hover&quot;:&quot;yes&quot;,&quot;pause_on_interaction&quot;:&quot;yes&quot;,&quot;space_between&quot;:{&quot;unit&quot;:&quot;px&quot;,&quot;size&quot;:10,&quot;sizes&quot;:[]},&quot;space_between_tablet&quot;:{&quot;unit&quot;:&quot;px&quot;,&quot;size&quot;:10,&quot;sizes&quot;:[]},&quot;space_between_mobile&quot;:{&quot;unit&quot;:&quot;px&quot;,&quot;size&quot;:10,&quot;sizes&quot;:[]}}\" data-widget_type=\"media-carousel.default\">\n\t\t\t\t<div class=\"elementor-widget-container\">\n\t\t\t\t\t\t\t<div class=\"elementor-swiper\">\n\t\t\t<div class=\"elementor-main-swiper swiper-container\">\n\t\t\t\t<div class=\"swiper-wrapper\">\n\t\t\t\t\t\t\t\t\t\t\t<div class=\"swiper-slide\">\n\t\t\t\t\t\t\t\t\t<div class=\"elementor-carousel-image\" style=\"background-image: url(https:\/\/saboralavista.com\/wp-content\/uploads\/2025\/01\/Kuku_Krakow-12.jpg)\">\n\n\t\t\t\n\t\t\t\t\t<\/div>\n\t\t\t\t\t\t\t\t<\/div>\n\t\t\t\t\t\t\t\t\t\t\t<div class=\"swiper-slide\">\n\t\t\t\t\t\t\t\t\t<div class=\"elementor-carousel-image\" style=\"background-image: url(https:\/\/saboralavista.com\/wp-content\/uploads\/2024\/09\/Juanito_Chef-gallery-1.jpg)\">\n\n\t\t\t\n\t\t\t\t\t<\/div>\n\t\t\t\t\t\t\t\t<\/div>\n\t\t\t\t\t\t\t\t\t\t\t<div class=\"swiper-slide\">\n\t\t\t\t\t\t\t\t\t<div class=\"elementor-carousel-image\" style=\"background-image: url(https:\/\/saboralavista.com\/wp-content\/uploads\/2025\/01\/Kuku_Krakow-8.jpg)\">\n\n\t\t\t\n\t\t\t\t\t<\/div>\n\t\t\t\t\t\t\t\t<\/div>\n\t\t\t\t\t\t\t\t\t\t\t<div class=\"swiper-slide\">\n\t\t\t\t\t\t\t\t\t<div class=\"elementor-carousel-image\" style=\"background-image: url(https:\/\/saboralavista.com\/wp-content\/uploads\/2025\/01\/Banaras_Curso_Ocasiones_Especiales-9.jpg)\">\n\n\t\t\t\n\t\t\t\t\t<\/div>\n\t\t\t\t\t\t\t\t<\/div>\n\t\t\t\t\t\t\t\t\t\t\t<div class=\"swiper-slide\">\n\t\t\t\t\t\t\t\t\t<div class=\"elementor-carousel-image\" style=\"background-image: url(https:\/\/saboralavista.com\/wp-content\/uploads\/2025\/01\/Urara_Krakow-7.jpg)\">\n\n\t\t\t\n\t\t\t\t\t<\/div>\n\t\t\t\t\t\t\t\t<\/div>\n\t\t\t\t\t\t\t\t\t<\/div>\n\t\t\t\t\t\t\t\t\t\t\t\t\t\t\t<div class=\"swiper-pagination\"><\/div>\n\t\t\t\t\t\t\t\t\t\t\t\t\t\t\t\t\t<\/div>\n\t\t<\/div>\n\t\t\t\t\t\t<\/div>\n\t\t\t\t<\/div>\n\t\t\t\t\t<\/div>\n\t\t\t\t<\/div>\n\t\t<div class=\"elementor-element elementor-element-bb927f6 e-flex e-con-boxed e-con e-parent\" data-id=\"bb927f6\" data-element_type=\"container\" data-e-type=\"container\">\n\t\t\t\t\t<div class=\"e-con-inner\">\n\t\t\t\t\t<\/div>\n\t\t\t\t<\/div>\n\t\t\t\t<\/div>","protected":false},"excerpt":{"rendered":"<p>Plan Degustaci\u00f3n \ud83d\udcb0 300\u20ac + IVA \u23f3 2 horas de sesi\u00f3n \u2705 Entregamos: \ud83d\udcf8 45 fotos editadas (hasta 8 platos) \ud83c\udfe0 5 fotos editadas de interiorismo \ud83c\udfac 2 reels din\u00e1micos (ej. lifestyle, emplatado) \u2728 2 GIFs animados (momentos clave en cocina o servicio) \ud83d\uddbc\ufe0f 1 imagen con branding (horarios o promociones) \ud83d\udccd Ideal para probar<\/p>","protected":false},"author":1,"featured_media":0,"parent":0,"menu_order":0,"comment_status":"closed","ping_status":"closed","template":"","meta":{"_monsterinsights_skip_tracking":false,"_monsterinsights_sitenote_active":false,"_monsterinsights_sitenote_note":"","_monsterinsights_sitenote_category":0,"footnotes":""},"class_list":["post-20140","page","type-page","status-publish","hentry"],"yoast_head":"<!-- This site is optimized with the Yoast SEO plugin v27.6 - https:\/\/yoast.com\/product\/yoast-seo-wordpress\/ -->\n<title>Plan Degustaci\u00f3n - Fotograf\u00eda gastron\u00f3mica para restaurantes y chefs: Sabor a la Vista<\/title>\n<meta name=\"description\" content=\"Quieres atraer m\u00e1s clientes a tu restaurante y mejorar tus redes sociales? Con el Plan Degustaci\u00f3n obtienes fotos profesionales de tus platos, reels para Instagram y branding visual. Servicio en Alicante pensado para restaurantes que buscan destacar y vender m\u00e1s con contenido de calidad.\" \/>\n<meta name=\"robots\" content=\"index, follow, max-snippet:-1, max-image-preview:large, max-video-preview:-1\" \/>\n<link rel=\"canonical\" href=\"https:\/\/saboralavista.com\/en\/plan-degustacion\/\" \/>\n<meta property=\"og:locale\" content=\"en_GB\" \/>\n<meta property=\"og:type\" content=\"article\" \/>\n<meta property=\"og:title\" content=\"Plan Degustaci\u00f3n - Fotograf\u00eda gastron\u00f3mica para restaurantes y chefs: Sabor a la Vista\" \/>\n<meta property=\"og:description\" content=\"Quieres atraer m\u00e1s clientes a tu restaurante y mejorar tus redes sociales? Con el Plan Degustaci\u00f3n obtienes fotos profesionales de tus platos, reels para Instagram y branding visual. Servicio en Alicante pensado para restaurantes que buscan destacar y vender m\u00e1s con contenido de calidad.\" \/>\n<meta property=\"og:url\" content=\"https:\/\/saboralavista.com\/en\/plan-degustacion\/\" \/>\n<meta property=\"og:site_name\" content=\"Fotograf\u00eda gastron\u00f3mica para restaurantes y chefs: Sabor a la Vista\" \/>\n<meta property=\"article:modified_time\" content=\"2026-01-28T12:45:54+00:00\" \/>\n<meta property=\"og:image\" content=\"https:\/\/saboralavista.com\/wp-content\/uploads\/2025\/01\/Pho_Ever_Krakow-2.jpg\" \/>\n<meta name=\"twitter:card\" content=\"summary_large_image\" \/>\n<meta name=\"twitter:label1\" content=\"Estimated reading time\" \/>\n\t<meta name=\"twitter:data1\" content=\"3 minutes\" \/>\n<script type=\"application\/ld+json\" class=\"yoast-schema-graph\">{\"@context\":\"https:\\\/\\\/schema.org\",\"@graph\":[{\"@type\":\"WebPage\",\"@id\":\"https:\\\/\\\/saboralavista.com\\\/plan-degustacion\\\/\",\"url\":\"https:\\\/\\\/saboralavista.com\\\/plan-degustacion\\\/\",\"name\":\"Plan Degustaci\u00f3n - Fotograf\u00eda gastron\u00f3mica para restaurantes y chefs: Sabor a la Vista\",\"isPartOf\":{\"@id\":\"https:\\\/\\\/saboralavista.com\\\/#website\"},\"primaryImageOfPage\":{\"@id\":\"https:\\\/\\\/saboralavista.com\\\/plan-degustacion\\\/#primaryimage\"},\"image\":{\"@id\":\"https:\\\/\\\/saboralavista.com\\\/plan-degustacion\\\/#primaryimage\"},\"thumbnailUrl\":\"https:\\\/\\\/saboralavista.com\\\/wp-content\\\/uploads\\\/2025\\\/01\\\/Pho_Ever_Krakow-2.jpg\",\"datePublished\":\"2025-01-30T09:12:56+00:00\",\"dateModified\":\"2026-01-28T12:45:54+00:00\",\"description\":\"Quieres atraer m\u00e1s clientes a tu restaurante y mejorar tus redes sociales? Con el Plan Degustaci\u00f3n obtienes fotos profesionales de tus platos, reels para Instagram y branding visual. Servicio en Alicante pensado para restaurantes que buscan destacar y vender m\u00e1s con contenido de calidad.\",\"breadcrumb\":{\"@id\":\"https:\\\/\\\/saboralavista.com\\\/plan-degustacion\\\/#breadcrumb\"},\"inLanguage\":\"en-GB\",\"potentialAction\":[{\"@type\":\"ReadAction\",\"target\":[\"https:\\\/\\\/saboralavista.com\\\/plan-degustacion\\\/\"]}]},{\"@type\":\"ImageObject\",\"inLanguage\":\"en-GB\",\"@id\":\"https:\\\/\\\/saboralavista.com\\\/plan-degustacion\\\/#primaryimage\",\"url\":\"https:\\\/\\\/saboralavista.com\\\/wp-content\\\/uploads\\\/2025\\\/01\\\/Pho_Ever_Krakow-2.jpg\",\"contentUrl\":\"https:\\\/\\\/saboralavista.com\\\/wp-content\\\/uploads\\\/2025\\\/01\\\/Pho_Ever_Krakow-2.jpg\"},{\"@type\":\"BreadcrumbList\",\"@id\":\"https:\\\/\\\/saboralavista.com\\\/plan-degustacion\\\/#breadcrumb\",\"itemListElement\":[{\"@type\":\"ListItem\",\"position\":1,\"name\":\"Portada\",\"item\":\"https:\\\/\\\/saboralavista.com\\\/\"},{\"@type\":\"ListItem\",\"position\":2,\"name\":\"Plan Degustaci\u00f3n\"}]},{\"@type\":\"WebSite\",\"@id\":\"https:\\\/\\\/saboralavista.com\\\/#website\",\"url\":\"https:\\\/\\\/saboralavista.com\\\/\",\"name\":\"Fotograf\u00eda gastron\u00f3mica: Sabor a la Vista\",\"description\":\"Im\u00e1genes que despiertan el apetito de tus clientes\",\"publisher\":{\"@id\":\"https:\\\/\\\/saboralavista.com\\\/#organization\"},\"potentialAction\":[{\"@type\":\"SearchAction\",\"target\":{\"@type\":\"EntryPoint\",\"urlTemplate\":\"https:\\\/\\\/saboralavista.com\\\/?s={search_term_string}\"},\"query-input\":{\"@type\":\"PropertyValueSpecification\",\"valueRequired\":true,\"valueName\":\"search_term_string\"}}],\"inLanguage\":\"en-GB\"},{\"@type\":\"Organization\",\"@id\":\"https:\\\/\\\/saboralavista.com\\\/#organization\",\"name\":\"Fotograf\u00eda gastron\u00f3mica: Sabor a la Vista\",\"url\":\"https:\\\/\\\/saboralavista.com\\\/\",\"logo\":{\"@type\":\"ImageObject\",\"inLanguage\":\"en-GB\",\"@id\":\"https:\\\/\\\/saboralavista.com\\\/#\\\/schema\\\/logo\\\/image\\\/\",\"url\":\"https:\\\/\\\/saboralavista.com\\\/wp-content\\\/uploads\\\/2024\\\/09\\\/Sabor_a_la_Vista_Logo.jpg\",\"contentUrl\":\"https:\\\/\\\/saboralavista.com\\\/wp-content\\\/uploads\\\/2024\\\/09\\\/Sabor_a_la_Vista_Logo.jpg\",\"width\":210,\"height\":165,\"caption\":\"Fotograf\u00eda gastron\u00f3mica: Sabor a la Vista\"},\"image\":{\"@id\":\"https:\\\/\\\/saboralavista.com\\\/#\\\/schema\\\/logo\\\/image\\\/\"}}]}<\/script>\n<!-- \/ Yoast SEO plugin. -->","yoast_head_json":{"title":"Plan Degustaci\u00f3n - Fotograf\u00eda gastron\u00f3mica para restaurantes y chefs: Sabor a la Vista","description":"Quieres atraer m\u00e1s clientes a tu restaurante y mejorar tus redes sociales? Con el Plan Degustaci\u00f3n obtienes fotos profesionales de tus platos, reels para Instagram y branding visual. Servicio en Alicante pensado para restaurantes que buscan destacar y vender m\u00e1s con contenido de calidad.","robots":{"index":"index","follow":"follow","max-snippet":"max-snippet:-1","max-image-preview":"max-image-preview:large","max-video-preview":"max-video-preview:-1"},"canonical":"https:\/\/saboralavista.com\/en\/plan-degustacion\/","og_locale":"en_GB","og_type":"article","og_title":"Plan Degustaci\u00f3n - Fotograf\u00eda gastron\u00f3mica para restaurantes y chefs: Sabor a la Vista","og_description":"Quieres atraer m\u00e1s clientes a tu restaurante y mejorar tus redes sociales? Con el Plan Degustaci\u00f3n obtienes fotos profesionales de tus platos, reels para Instagram y branding visual. Servicio en Alicante pensado para restaurantes que buscan destacar y vender m\u00e1s con contenido de calidad.","og_url":"https:\/\/saboralavista.com\/en\/plan-degustacion\/","og_site_name":"Fotograf\u00eda gastron\u00f3mica para restaurantes y chefs: Sabor a la Vista","article_modified_time":"2026-01-28T12:45:54+00:00","og_image":[{"url":"https:\/\/saboralavista.com\/wp-content\/uploads\/2025\/01\/Pho_Ever_Krakow-2.jpg","type":"","width":"","height":""}],"twitter_card":"summary_large_image","twitter_misc":{"Estimated reading time":"3 minutes"},"schema":{"@context":"https:\/\/schema.org","@graph":[{"@type":"WebPage","@id":"https:\/\/saboralavista.com\/plan-degustacion\/","url":"https:\/\/saboralavista.com\/plan-degustacion\/","name":"Plan Degustaci\u00f3n - Fotograf\u00eda gastron\u00f3mica para restaurantes y chefs: Sabor a la Vista","isPartOf":{"@id":"https:\/\/saboralavista.com\/#website"},"primaryImageOfPage":{"@id":"https:\/\/saboralavista.com\/plan-degustacion\/#primaryimage"},"image":{"@id":"https:\/\/saboralavista.com\/plan-degustacion\/#primaryimage"},"thumbnailUrl":"https:\/\/saboralavista.com\/wp-content\/uploads\/2025\/01\/Pho_Ever_Krakow-2.jpg","datePublished":"2025-01-30T09:12:56+00:00","dateModified":"2026-01-28T12:45:54+00:00","description":"Quieres atraer m\u00e1s clientes a tu restaurante y mejorar tus redes sociales? Con el Plan Degustaci\u00f3n obtienes fotos profesionales de tus platos, reels para Instagram y branding visual. Servicio en Alicante pensado para restaurantes que buscan destacar y vender m\u00e1s con contenido de calidad.","breadcrumb":{"@id":"https:\/\/saboralavista.com\/plan-degustacion\/#breadcrumb"},"inLanguage":"en-GB","potentialAction":[{"@type":"ReadAction","target":["https:\/\/saboralavista.com\/plan-degustacion\/"]}]},{"@type":"ImageObject","inLanguage":"en-GB","@id":"https:\/\/saboralavista.com\/plan-degustacion\/#primaryimage","url":"https:\/\/saboralavista.com\/wp-content\/uploads\/2025\/01\/Pho_Ever_Krakow-2.jpg","contentUrl":"https:\/\/saboralavista.com\/wp-content\/uploads\/2025\/01\/Pho_Ever_Krakow-2.jpg"},{"@type":"BreadcrumbList","@id":"https:\/\/saboralavista.com\/plan-degustacion\/#breadcrumb","itemListElement":[{"@type":"ListItem","position":1,"name":"Portada","item":"https:\/\/saboralavista.com\/"},{"@type":"ListItem","position":2,"name":"Plan Degustaci\u00f3n"}]},{"@type":"WebSite","@id":"https:\/\/saboralavista.com\/#website","url":"https:\/\/saboralavista.com\/","name":"Fotograf\u00eda gastron\u00f3mica: Sabor a la Vista","description":"Im\u00e1genes que despiertan el apetito de tus clientes","publisher":{"@id":"https:\/\/saboralavista.com\/#organization"},"potentialAction":[{"@type":"SearchAction","target":{"@type":"EntryPoint","urlTemplate":"https:\/\/saboralavista.com\/?s={search_term_string}"},"query-input":{"@type":"PropertyValueSpecification","valueRequired":true,"valueName":"search_term_string"}}],"inLanguage":"en-GB"},{"@type":"Organization","@id":"https:\/\/saboralavista.com\/#organization","name":"Fotograf\u00eda gastron\u00f3mica: Sabor a la Vista","url":"https:\/\/saboralavista.com\/","logo":{"@type":"ImageObject","inLanguage":"en-GB","@id":"https:\/\/saboralavista.com\/#\/schema\/logo\/image\/","url":"https:\/\/saboralavista.com\/wp-content\/uploads\/2024\/09\/Sabor_a_la_Vista_Logo.jpg","contentUrl":"https:\/\/saboralavista.com\/wp-content\/uploads\/2024\/09\/Sabor_a_la_Vista_Logo.jpg","width":210,"height":165,"caption":"Fotograf\u00eda gastron\u00f3mica: Sabor a la Vista"},"image":{"@id":"https:\/\/saboralavista.com\/#\/schema\/logo\/image\/"}}]}},"_links":{"self":[{"href":"https:\/\/saboralavista.com\/en\/wp-json\/wp\/v2\/pages\/20140","targetHints":{"allow":["GET"]}}],"collection":[{"href":"https:\/\/saboralavista.com\/en\/wp-json\/wp\/v2\/pages"}],"about":[{"href":"https:\/\/saboralavista.com\/en\/wp-json\/wp\/v2\/types\/page"}],"author":[{"embeddable":true,"href":"https:\/\/saboralavista.com\/en\/wp-json\/wp\/v2\/users\/1"}],"replies":[{"embeddable":true,"href":"https:\/\/saboralavista.com\/en\/wp-json\/wp\/v2\/comments?post=20140"}],"version-history":[{"count":154,"href":"https:\/\/saboralavista.com\/en\/wp-json\/wp\/v2\/pages\/20140\/revisions"}],"predecessor-version":[{"id":21024,"href":"https:\/\/saboralavista.com\/en\/wp-json\/wp\/v2\/pages\/20140\/revisions\/21024"}],"wp:attachment":[{"href":"https:\/\/saboralavista.com\/en\/wp-json\/wp\/v2\/media?parent=20140"}],"curies":[{"name":"wp","href":"https:\/\/api.w.org\/{rel}","templated":true}]}}